{"id":52,"date":"2024-05-13T11:20:30","date_gmt":"2024-05-13T11:20:30","guid":{"rendered":"https:\/\/espenhof.de\/?page_id=52"},"modified":"2025-02-27T12:54:47","modified_gmt":"2025-02-27T12:54:47","slug":"ueber-uns","status":"publish","type":"page","link":"https:\/\/espenhof.de\/?page_id=52","title":{"rendered":"\u00dcber Uns"},"content":{"rendered":"<style>\/*! elementor - v3.21.0 - 22-05-2024 *\/\n.elementor-heading-title{padding:0;margin:0;line-height:1}.elementor-widget-heading .elementor-heading-title[class*=elementor-size-]>a{color:inherit;font-size:inherit;line-height:inherit}.elementor-widget-heading .elementor-heading-title.elementor-size-small{font-size:15px}.elementor-widget-heading .elementor-heading-title.elementor-size-medium{font-size:19px}.elementor-widget-heading .elementor-heading-title.elementor-size-large{font-size:29px}.elementor-widget-heading .elementor-heading-title.elementor-size-xl{font-size:39px}.elementor-widget-heading .elementor-heading-title.elementor-size-xxl{font-size:59px}<\/style>\n<h1>DIE MENSCHEN DES ESPENHOFS<\/h1>\n<style>\/*! elementor - v3.21.0 - 22-05-2024 *\/\n.elementor-widget-divider{--divider-border-style:none;--divider-border-width:1px;--divider-color:#0c0d0e;--divider-icon-size:20px;--divider-element-spacing:10px;--divider-pattern-height:24px;--divider-pattern-size:20px;--divider-pattern-url:none;--divider-pattern-repeat:repeat-x}.elementor-widget-divider .elementor-divider{display:flex}.elementor-widget-divider .elementor-divider__text{font-size:15px;line-height:1;max-width:95%}.elementor-widget-divider .elementor-divider__element{margin:0 var(--divider-element-spacing);flex-shrink:0}.elementor-widget-divider .elementor-icon{font-size:var(--divider-icon-size)}.elementor-widget-divider .elementor-divider-separator{display:flex;margin:0;direction:ltr}.elementor-widget-divider--view-line_icon .elementor-divider-separator,.elementor-widget-divider--view-line_text .elementor-divider-separator{align-items:center}.elementor-widget-divider--view-line_icon .elementor-divider-separator:after,.elementor-widget-divider--view-line_icon .elementor-divider-separator:before,.elementor-widget-divider--view-line_text .elementor-divider-separator:after,.elementor-widget-divider--view-line_text .elementor-divider-separator:before{display:block;content:\"\";border-block-end:0;flex-grow:1;border-block-start:var(--divider-border-width) var(--divider-border-style) var(--divider-color)}.elementor-widget-divider--element-align-left .elementor-divider .elementor-divider-separator>.elementor-divider__svg:first-of-type{flex-grow:0;flex-shrink:100}.elementor-widget-divider--element-align-left .elementor-divider-separator:before{content:none}.elementor-widget-divider--element-align-left .elementor-divider__element{margin-left:0}.elementor-widget-divider--element-align-right .elementor-divider .elementor-divider-separator>.elementor-divider__svg:last-of-type{flex-grow:0;flex-shrink:100}.elementor-widget-divider--element-align-right .elementor-divider-separator:after{content:none}.elementor-widget-divider--element-align-right .elementor-divider__element{margin-right:0}.elementor-widget-divider--element-align-start .elementor-divider .elementor-divider-separator>.elementor-divider__svg:first-of-type{flex-grow:0;flex-shrink:100}.elementor-widget-divider--element-align-start .elementor-divider-separator:before{content:none}.elementor-widget-divider--element-align-start .elementor-divider__element{margin-inline-start:0}.elementor-widget-divider--element-align-end .elementor-divider .elementor-divider-separator>.elementor-divider__svg:last-of-type{flex-grow:0;flex-shrink:100}.elementor-widget-divider--element-align-end .elementor-divider-separator:after{content:none}.elementor-widget-divider--element-align-end .elementor-divider__element{margin-inline-end:0}.elementor-widget-divider:not(.elementor-widget-divider--view-line_text):not(.elementor-widget-divider--view-line_icon) .elementor-divider-separator{border-block-start:var(--divider-border-width) var(--divider-border-style) var(--divider-color)}.elementor-widget-divider--separator-type-pattern{--divider-border-style:none}.elementor-widget-divider--separator-type-pattern.elementor-widget-divider--view-line .elementor-divider-separator,.elementor-widget-divider--separator-type-pattern:not(.elementor-widget-divider--view-line) .elementor-divider-separator:after,.elementor-widget-divider--separator-type-pattern:not(.elementor-widget-divider--view-line) .elementor-divider-separator:before,.elementor-widget-divider--separator-type-pattern:not([class*=elementor-widget-divider--view]) .elementor-divider-separator{width:100%;min-height:var(--divider-pattern-height);-webkit-mask-size:var(--divider-pattern-size) 100%;mask-size:var(--divider-pattern-size) 100%;-webkit-mask-repeat:var(--divider-pattern-repeat);mask-repeat:var(--divider-pattern-repeat);background-color:var(--divider-color);-webkit-mask-image:var(--divider-pattern-url);mask-image:var(--divider-pattern-url)}.elementor-widget-divider--no-spacing{--divider-pattern-size:auto}.elementor-widget-divider--bg-round{--divider-pattern-repeat:round}.rtl .elementor-widget-divider .elementor-divider__text{direction:rtl}.e-con-inner>.elementor-widget-divider,.e-con>.elementor-widget-divider{width:var(--container-widget-width,100%);--flex-grow:var(--container-widget-flex-grow)}<\/style>\n<h2>\u00dcber Uns<\/h2>\n<h2>Unser Alltag<\/h2>\n<h2>Unser Leben<\/h2>\n<p>Wir, die Familie Espenschied, sind in erster Linie Winzer und in \u201ezweit-erster Linie\u201c Gastgeber an diesem wunderbaren Fleckchen Erde. In Sachen Wein, Speisen und G\u00e4stezimmer kennen wir uns aus \u2013 denn wer selbst gerne isst und trinkt, dem f\u00e4llt es nicht schwer genau diese Gastlichkeit weiterzugeben.<\/p>\n<p>\u00a0<\/p>\n<p>Bei uns gibt es keine feste Trennung zwischen Freizeit und Arbeitszeit. Unsere Familie, das sind Heike und Wilfried, Laura und Nico mit Charlie Fritz und Henri Jo, Lena und Philipp mit Anna Elisabeth und Max Philipp. Unsere Familie sind aber auch all die Menschen, die wir gerne dazu z\u00e4hlen und die wir euch schon bald hier vorstellen.<\/p>\n<h2>NICO ESPENSCHIED<\/h2>\n<h2>DER CHEF UND WINZER<\/h2>\n<p>Nico entschied sich erst kurz nach dem Abitur dazu die berufliche Laufbahn eines Winzers einzuschlagen. Seine Eltern, Heike und Wilfried, freuten sich nat\u00fcrlich sehr \u00fcber diese Entwicklung, waren jedoch auch ziemlich \u00fcberrascht. F\u00fcr Wilfried stand immer fest: \u201eNico wird einmal Professor!\u201c<\/p>\n<p>\u00a0<\/p>\n<p>Durch seine sehr \u201etechnische &amp; rationale Denkweise\u201c hat Nico sehr schnell all die komplexen Arbeiten, die in einem Weingut anfallen, perfektioniert und ist nach wie vor dabei. Nico pr\u00e4feriert nicht zwischen der Weinbergsarbeit, dem Keller oder auch der Kundenbetreuung \u2013 er wei\u00df genau wie wichtig all diese Bereiche sind und ist bei allem mit gleicher Leidenschaft im Einsatz. Dies sind u.a. wichtige Erkenntnisse, die er sich w\u00e4hrend seines Studiums an der Hochschule in Geisenheim angeeignet hat.<\/p>\n<p>\u00a0<\/p>\n<p>Dass Nico ein Unternehmer und Macher ist hat er schon zahlreich bewiesen. So hat er nicht nur eine neue Marke unter seiner Hand aufgebaut, sondern auch z.B. die Gestaltung seiner Etiketten selbst \u00fcbernommen. Neben seinen weitreichenden Kenntnissen der Sensorik, die er t\u00e4glich durch das Probieren der eigenen sowie fremden Weine sch\u00e4rft, denkt er immer auch an die n\u00e4chsten Schritte seinen Weinguts und wie er sich damit weiterentwickeln kann.<\/p>\n<p>\u00a0<\/p>\n<p>Nico liebt den Austausch mit seinen Winzer-Kollegen, gemeinsam ein gutes Glas Wein zu trinken und in nahe sowie ferne Anbaugebiete zu reisen, um neue Geheimnisse rund um den Wein zu entdecken. Er ist und bleibt eben sehr vielseitig. Eine weitere, ganz neue Leidenschaft gesellte sich mit der Geburt seines ersten Sohnes Charlie Fritz im August 2015 dazu. Papa sein macht ihm einfach am meisten Spa\u00df!<\/p>\n<h2>LAURA ESPENSCHIED<\/h2>\n<h2>DIE ALLROUNDERIN<\/h2>\n<p>Laura ist geb\u00fcrtige Bremerin. Ihren Weg zum Wein fand sie \u00fcber Umwege, denn sie studierte zun\u00e4chst \u201eBiologie der Zellen\u201c in Osnabr\u00fcck. Nach ihrem Abschluss zog es sie erst einmal in die weite Welt hinaus nach Perth, Australien, wo sie ein 1-j\u00e4hriges Forschungspraktikum an der Universit\u00e4t absolvierte. Wenn sie t\u00e4glich durch die Scheiben des Labors sah und den bunten Papageien beim Treiben zuschaute, stellte sich bei ihr verst\u00e4rkt der Wunsch nach mehr und einem Arbeiten mitten in und mit der Natur ein. Dem Wunsch nachgehend landete sie durch viele Zuf\u00e4lle f\u00fcr kurze Zeit in einem Weingut in Margaret River, s\u00fcdlich von Perth.<\/p>\n<p>\u00a0<\/p>\n<p>Somit waren die ersten positiven Erfahrungen gesammelt und nach ihrer R\u00fcckkehr in Deutschland schrieb sie sich direkt f\u00fcr ein weiteres Studium \u201eWeinbau und Oenologie\u201c an der Hochschule in Geisenheim ein. Damit legte sie 2010 nicht nur den Grundstein f\u00fcr eine gute und fundierte Ausbildung, sondern lernte dort auch ihren zuk\u00fcnftigen Mann Nico Espenschied kennen. Heute sind sie bereits zu viert und haben einiges auf dem Espenhof gemeinsam vorangetrieben.<\/p>\n<p>\u00a0<\/p>\n<p>Laura hilft im Espenhof in den verschiedensten Bereichen mit. Im Weinherbst unterst\u00fctzt sie Nico im Keller und Weinberg. Den Rest des Jahres k\u00fcmmert sie sich um Kundenbeziehungen und Kommunikation, besucht Messen, f\u00fchrt Weinproben durch oder managed den Social Media Kanal. So vielseitig wie die Arbeit auf einem Familienweingut eben ist!<\/p>\n<h2>LENA APPELMANN<\/h2>\n<h2>DIE GASTGEBERIN<br \/>\n<\/h2>\n<p>Lena ist Nicos Schwester und diese Tatsache ist h\u00f6chstwahrscheinlich der Grund warum einer ihrer Hauptattribute die \u201eF\u00fcrsorge\u201c f\u00fcr ihre Mitmenschen ist. An oberster Stelle steht f\u00fcr Lena ein harmonisches und fr\u00f6hliches Miteinander. Dabei sind die Kreise zwischen Familie, Freunden, Mitarbeitern und G\u00e4sten sehr eng gezogen \u2013 um alle versucht sie sich gleicherma\u00dfen gut zu k\u00fcmmern.<\/p>\n<p>\u00a0<\/p>\n<p>Nach dem Abitur 2004 begann Lena das Studium zur Dipl. Betriebswirtin (FH) in \u201eInternational Hospitality Management\u201c. Durch diverse Hotel-Praktika in Schweden, Portugal, S\u00fcdafrika, \u00d6sterreich und der Schweiz wurde Lena schon fr\u00fch bewusst, dass sie nicht nur eine von vielen Nummern in einer gro\u00dfen Hotelkette sein wollte. Es blieb die Individual-Hotellerie.<\/p>\n<p>\u00a0<\/p>\n<p>Vater Wilfried ahnte schon fr\u00fch, dass es Lena mit ihrer offenen Art einmal in das Gastgewerbe ziehen wird. So wurde der Grundstein f\u00fcr die Erweiterung des Weinguts um Landhotel und Weinrestaurant gelegt \u2013 und somit Lenas Mitarbeit im elterlichen Betrieb.<\/p>\n<p>\u00a0<\/p>\n<p>Schlie\u00dflich ist Urlaubszeit auch f\u00fcr Lena die sch\u00f6nste Lebenszeit und die verbringt Sie gerne an kleinen bezaubernden Orten in nah und fern. Dabei muss man auch gar nicht \u00fcber den gro\u00dfen Teich gehen, denn vor unserer Haust\u00fcr gibt\u2019s noch so viel Spannendes zu entdecken. Und da wir dort wohnen, wo unsere G\u00e4ste Urlaub machen, wird f\u00fcr Lena ebenso die Arbeitszeit zur Urlaubszeit.<\/p>\n<h2>HEIKE ESPENSCHIED<\/h2>\n<h2>DIE SENIOR CHEFIN<\/h2>\n<p>\u201eNicht ohne meine OMA!\u201c Ein Satz, den die Enkel jeden Tag aufs Neue lautstark \u00e4u\u00dfern. Ja Oma ist die beste, das war und wird immer so bleiben. Denn ohne Heike l\u00e4uft hier nichts. Eine Pragmatikerin ohne Gleichen. Ein Improvisiationstalent mit Geschmack und Geschicklichkeit. In Punkte Schnelligkeit h\u00e4ngt sie jeden ab, und macht alles auch noch mit Freude.<\/p>\n<p>\u00a0<\/p>\n<p>Ohne das t\u00e4gliche warme Mittagessen, das mal eben schnell f\u00fcr 10 Personen in der Hausfrauen K\u00fcche gekocht wird, h\u00e4tten wir alle nur halb so viel Energie und Schaffenskraft. Liebe Heike, an dieser Stelle 1000 Dank f\u00fcr diese nicht zu untersch\u00e4tzende Leistung jede Woche Montag bis Samstag. Der Sonntagnachmittag ist ihr n\u00e4mlich heilig! Da lassen selbst die Enkel Oma Heike mal in Frieden. Ja, am liebsten w\u00fcrde Sie nur noch Oma sein, aber in einem kleinen Familienbetrieb wird jede Hand gebraucht und wer da ist wird mitgez\u00e4hlt! So h\u00e4ngen sehr viele Aufgaben an Mama, Oma, Senior Chefin Heike!<\/p>\n<p>\u00a0<\/p>\n<h2>WILFRIED ESPENSCHIED<\/h2>\n<h2>DER SENIOR CHEF<\/h2>\n<p>Der Meister aller Fahrzeuge, der Haus- &amp; Hofmeister, Gastgeber der ersten Stunde und schlichtweg unverzichtbar.Er h\u00e4lt sich gerne drau\u00dfen in der Gemarkung auf und schult die Arbeit im Weinberg. Jedes Loch im Feldweg kennt er nicht, das w\u00e4re \u00fcbertrieben, aber Uffhofen ist seit \u00fcber 60 Jahren seine Heimat. Geboren 1953 wurde er fr\u00fch in die Verantwortung genommen als einziger Sohn von Otto und Elisabeth Espenschied. Die begannen den landwirtschaftlichen Betrieb in ein Weinbaubetrieb umzuwandeln.<\/p>\n<p>\u00a0<\/p>\n<p>Sein Studienleben geno\u00df Wilfried dann doch ausserhalb Rheinhessens und zwar im beschaulichen Hohenheim bei Stuttgart. Als Dipl. Ing. Agr. kam er zur\u00fcck und trieb die Umwandlung des Betriebs schnell voran. In Wilfried hat der Betrieb immer noch einen aktiven Innovator. Die Zusammenarbeit zwischen Vater und Sohn zwischen \u201eAlt\u201c &amp; \u201eJung\u201c wie man so sch\u00f6n sagt, funktioniert bestens. Darauf sind wir stolz. Der beste Beweis: Wilfried liebt die Weine von Nico, f\u00fcr ihn gibt es keine besseren, und jeder neue Jahrgang ist der \u201ebeste, den wir je hatten\u201c. Ein sch\u00f6nes Kompliment an den eigenen Sohn!<\/p>\n","protected":false},"excerpt":{"rendered":"<p>DIE MENSCHEN DES ESPENHOFS \u00dcber Uns Unser Alltag Unser Leben Wir, die Familie Espenschied, sind in erster Linie Winzer und in \u201ezweit-erster Linie\u201c Gastgeber an diesem wunderbaren Fleckchen Erde. In Sachen Wein, Speisen und G\u00e4stezimmer kennen wir uns aus \u2013 denn wer selbst gerne isst und trinkt, dem f\u00e4llt es nicht schwer genau diese Gastlichkeit [&hellip;]<\/p>\n","protected":false},"author":1,"featured_media":0,"parent":44,"menu_order":0,"comment_status":"closed","ping_status":"closed","template":"","meta":{"footnotes":""},"class_list":["post-52","page","type-page","status-publish","hentry"],"_links":{"self":[{"href":"https:\/\/espenhof.de\/index.php?rest_route=\/wp\/v2\/pages\/52","targetHints":{"allow":["GET"]}}],"collection":[{"href":"https:\/\/espenhof.de\/index.php?rest_route=\/wp\/v2\/pages"}],"about":[{"href":"https:\/\/espenhof.de\/index.php?rest_route=\/wp\/v2\/types\/page"}],"author":[{"embeddable":true,"href":"https:\/\/espenhof.de\/index.php?rest_route=\/wp\/v2\/users\/1"}],"replies":[{"embeddable":true,"href":"https:\/\/espenhof.de\/index.php?rest_route=%2Fwp%2Fv2%2Fcomments&post=52"}],"version-history":[{"count":1,"href":"https:\/\/espenhof.de\/index.php?rest_route=\/wp\/v2\/pages\/52\/revisions"}],"predecessor-version":[{"id":2757,"href":"https:\/\/espenhof.de\/index.php?rest_route=\/wp\/v2\/pages\/52\/revisions\/2757"}],"up":[{"embeddable":true,"href":"https:\/\/espenhof.de\/index.php?rest_route=\/wp\/v2\/pages\/44"}],"wp:attachment":[{"href":"https:\/\/espenhof.de\/index.php?rest_route=%2Fwp%2Fv2%2Fmedia&parent=52"}],"curies":[{"name":"wp","href":"https:\/\/api.w.org\/{rel}","templated":true}]}}